{"id":840,"date":"2021-12-31T02:14:05","date_gmt":"2021-12-31T02:14:05","guid":{"rendered":"https:\/\/solvenca.com\/?post_type=product&#038;p=840"},"modified":"2022-05-03T22:37:32","modified_gmt":"2022-05-03T22:37:32","slug":"sellador-super-concentrado","status":"publish","type":"product","link":"https:\/\/solvenca.com\/index.php\/product\/sellador-super-concentrado\/","title":{"rendered":"Sellador S\u00faper Concentrado"},"content":{"rendered":"<p>F\u00f3rmula indicada para decorar, proteger y rellenar poros en superficies de madera. Tambi\u00e9n logra nivelar y mejorar su tersura resaltando las vetas naturales, no deja residuos pegajosos, presenta un excelente tiempo de secado, facilidad de lijado y adherencia al sustrato.<\/p>\n","protected":false},"excerpt":{"rendered":"<p>\u00bc gal\u00f3n y gal\u00f3n.<\/p>\n","protected":false},"featured_media":1568,"comment_status":"closed","ping_status":"closed","template":"","meta":[],"product_brand":[],"product_cat":[26,20],"product_tag":[],"class_list":{"0":"post-840","1":"product","2":"type-product","3":"status-publish","4":"has-post-thumbnail","6":"product_cat-madera","7":"product_cat-mas-vendidos","9":"first","10":"instock","11":"shipping-taxable","12":"product-type-simple"},"_links":{"self":[{"href":"https:\/\/solvenca.com\/index.php\/wp-json\/wp\/v2\/product\/840","targetHints":{"allow":["GET"]}}],"collection":[{"href":"https:\/\/solvenca.com\/index.php\/wp-json\/wp\/v2\/product"}],"about":[{"href":"https:\/\/solvenca.com\/index.php\/wp-json\/wp\/v2\/types\/product"}],"replies":[{"embeddable":true,"href":"https:\/\/solvenca.com\/index.php\/wp-json\/wp\/v2\/comments?post=840"}],"wp:featuredmedia":[{"embeddable":true,"href":"https:\/\/solvenca.com\/index.php\/wp-json\/wp\/v2\/media\/1568"}],"wp:attachment":[{"href":"https:\/\/solvenca.com\/index.php\/wp-json\/wp\/v2\/media?parent=840"}],"wp:term":[{"taxonomy":"product_brand","embeddable":true,"href":"https:\/\/solvenca.com\/index.php\/wp-json\/wp\/v2\/product_brand?post=840"},{"taxonomy":"product_cat","embeddable":true,"href":"https:\/\/solvenca.com\/index.php\/wp-json\/wp\/v2\/product_cat?post=840"},{"taxonomy":"product_tag","embeddable":true,"href":"https:\/\/solvenca.com\/index.php\/wp-json\/wp\/v2\/product_tag?post=840"}],"curies":[{"name":"wp","href":"https:\/\/api.w.org\/{rel}","templated":true}]}}