{"id":838,"date":"2021-12-31T02:11:06","date_gmt":"2021-12-31T02:11:06","guid":{"rendered":"https:\/\/solvenca.com\/?post_type=product&#038;p=838"},"modified":"2022-05-03T22:37:44","modified_gmt":"2022-05-03T22:37:44","slug":"sellador","status":"publish","type":"product","link":"https:\/\/solvenca.com\/index.php\/product\/sellador\/","title":{"rendered":"Sellador Catalizado"},"content":{"rendered":"<p>Producto ideal para mantener las caracter\u00edsticas originales de la madera, dando la sensaci\u00f3n de que la pieza no ha sido pintada y se encuentra al natural. Brinda la protecci\u00f3n ante los golpes, las ralladuras, las manchas y el agua, solventes, alcoholes, licores, grasa y alimentos y a la abrasi\u00f3n cuando ya ha curado, sin restar su durabilidad preservando la integridad de la pel\u00edcula.<\/p>\n","protected":false},"excerpt":{"rendered":"<p>\u00bc gal\u00f3n y gal\u00f3n.<\/p>\n","protected":false},"featured_media":839,"comment_status":"closed","ping_status":"closed","template":"","meta":[],"product_brand":[],"product_cat":[26,20],"product_tag":[],"class_list":{"0":"post-838","1":"product","2":"type-product","3":"status-publish","4":"has-post-thumbnail","6":"product_cat-madera","7":"product_cat-mas-vendidos","9":"first","10":"instock","11":"shipping-taxable","12":"product-type-simple"},"_links":{"self":[{"href":"https:\/\/solvenca.com\/index.php\/wp-json\/wp\/v2\/product\/838","targetHints":{"allow":["GET"]}}],"collection":[{"href":"https:\/\/solvenca.com\/index.php\/wp-json\/wp\/v2\/product"}],"about":[{"href":"https:\/\/solvenca.com\/index.php\/wp-json\/wp\/v2\/types\/product"}],"replies":[{"embeddable":true,"href":"https:\/\/solvenca.com\/index.php\/wp-json\/wp\/v2\/comments?post=838"}],"wp:featuredmedia":[{"embeddable":true,"href":"https:\/\/solvenca.com\/index.php\/wp-json\/wp\/v2\/media\/839"}],"wp:attachment":[{"href":"https:\/\/solvenca.com\/index.php\/wp-json\/wp\/v2\/media?parent=838"}],"wp:term":[{"taxonomy":"product_brand","embeddable":true,"href":"https:\/\/solvenca.com\/index.php\/wp-json\/wp\/v2\/product_brand?post=838"},{"taxonomy":"product_cat","embeddable":true,"href":"https:\/\/solvenca.com\/index.php\/wp-json\/wp\/v2\/product_cat?post=838"},{"taxonomy":"product_tag","embeddable":true,"href":"https:\/\/solvenca.com\/index.php\/wp-json\/wp\/v2\/product_tag?post=838"}],"curies":[{"name":"wp","href":"https:\/\/api.w.org\/{rel}","templated":true}]}}