{"id":1590,"date":"2022-04-04T15:04:10","date_gmt":"2022-04-04T15:04:10","guid":{"rendered":"https:\/\/solvenca.com\/?post_type=product&#038;p=1590"},"modified":"2024-09-26T10:57:42","modified_gmt":"2024-09-26T14:57:42","slug":"sol-2040-pegamento","status":"publish","type":"product","link":"https:\/\/solvenca.com\/index.php\/product\/sol-2040-pegamento\/","title":{"rendered":"SOL 2040"},"content":{"rendered":"<p>L\u00edquido viscoso en base a cauchos sint\u00e9ticos, de color amarillo (\u00e1mbar), de uso general de bajo s\u00f3lidos y baja viscosidad, para ser usado en el \u00e1rea de tapicer\u00eda, talabarter\u00eda, calzado y decoraci\u00f3n, para el pegado de goma espuma, tela, cart\u00f3n, chapilla, alfombras, pegado de plantillas y en general, donde no se necesite una alta fuerza de pegado.<\/p>\n","protected":false},"excerpt":{"rendered":"<p>\u00bc Gal\u00f3n, Gal\u00f3n y Cu\u00f1ete.<\/p>\n","protected":false},"featured_media":1591,"comment_status":"closed","ping_status":"closed","template":"","meta":[],"product_brand":[],"product_cat":[29],"product_tag":[],"class_list":{"0":"post-1590","1":"product","2":"type-product","3":"status-publish","4":"has-post-thumbnail","6":"product_cat-pegamentos","8":"first","9":"instock","10":"shipping-taxable","11":"product-type-simple"},"_links":{"self":[{"href":"https:\/\/solvenca.com\/index.php\/wp-json\/wp\/v2\/product\/1590","targetHints":{"allow":["GET"]}}],"collection":[{"href":"https:\/\/solvenca.com\/index.php\/wp-json\/wp\/v2\/product"}],"about":[{"href":"https:\/\/solvenca.com\/index.php\/wp-json\/wp\/v2\/types\/product"}],"replies":[{"embeddable":true,"href":"https:\/\/solvenca.com\/index.php\/wp-json\/wp\/v2\/comments?post=1590"}],"wp:featuredmedia":[{"embeddable":true,"href":"https:\/\/solvenca.com\/index.php\/wp-json\/wp\/v2\/media\/1591"}],"wp:attachment":[{"href":"https:\/\/solvenca.com\/index.php\/wp-json\/wp\/v2\/media?parent=1590"}],"wp:term":[{"taxonomy":"product_brand","embeddable":true,"href":"https:\/\/solvenca.com\/index.php\/wp-json\/wp\/v2\/product_brand?post=1590"},{"taxonomy":"product_cat","embeddable":true,"href":"https:\/\/solvenca.com\/index.php\/wp-json\/wp\/v2\/product_cat?post=1590"},{"taxonomy":"product_tag","embeddable":true,"href":"https:\/\/solvenca.com\/index.php\/wp-json\/wp\/v2\/product_tag?post=1590"}],"curies":[{"name":"wp","href":"https:\/\/api.w.org\/{rel}","templated":true}]}}