{"id":1588,"date":"2022-03-22T15:03:26","date_gmt":"2022-03-22T15:03:26","guid":{"rendered":"https:\/\/solvenca.com\/?post_type=product&#038;p=1588"},"modified":"2024-09-26T10:58:03","modified_gmt":"2024-09-26T14:58:03","slug":"sol-2001-pegamento","status":"publish","type":"product","link":"https:\/\/solvenca.com\/index.php\/product\/sol-2001-pegamento\/","title":{"rendered":"SOL 2001"},"content":{"rendered":"<p>Liquido viscoso de color \u00e1mbar, de alto contenido de s\u00f3lidos, formulado para el pegado de laminados decorativos a la madera, MDF, metal, cart\u00f3n, piedra o concreto, puede ser aplicado con brocha o esp\u00e1tula, ideal para la industria de la Carpinter\u00eda y en la Tapicer\u00eda, donde se requiera una fuerza superior al SOL 2040.<\/p>\n","protected":false},"excerpt":{"rendered":"<p>1\u204432 Gal\u00f3n, 1\u20448 Gal\u00f3n , \u00bc Gal\u00f3n, Gal\u00f3n y Cu\u00f1ete.<\/p>\n","protected":false},"featured_media":2185,"comment_status":"closed","ping_status":"closed","template":"","meta":[],"product_brand":[],"product_cat":[29],"product_tag":[],"class_list":{"0":"post-1588","1":"product","2":"type-product","3":"status-publish","4":"has-post-thumbnail","6":"product_cat-pegamentos","8":"first","9":"instock","10":"shipping-taxable","11":"product-type-simple"},"_links":{"self":[{"href":"https:\/\/solvenca.com\/index.php\/wp-json\/wp\/v2\/product\/1588","targetHints":{"allow":["GET"]}}],"collection":[{"href":"https:\/\/solvenca.com\/index.php\/wp-json\/wp\/v2\/product"}],"about":[{"href":"https:\/\/solvenca.com\/index.php\/wp-json\/wp\/v2\/types\/product"}],"replies":[{"embeddable":true,"href":"https:\/\/solvenca.com\/index.php\/wp-json\/wp\/v2\/comments?post=1588"}],"wp:featuredmedia":[{"embeddable":true,"href":"https:\/\/solvenca.com\/index.php\/wp-json\/wp\/v2\/media\/2185"}],"wp:attachment":[{"href":"https:\/\/solvenca.com\/index.php\/wp-json\/wp\/v2\/media?parent=1588"}],"wp:term":[{"taxonomy":"product_brand","embeddable":true,"href":"https:\/\/solvenca.com\/index.php\/wp-json\/wp\/v2\/product_brand?post=1588"},{"taxonomy":"product_cat","embeddable":true,"href":"https:\/\/solvenca.com\/index.php\/wp-json\/wp\/v2\/product_cat?post=1588"},{"taxonomy":"product_tag","embeddable":true,"href":"https:\/\/solvenca.com\/index.php\/wp-json\/wp\/v2\/product_tag?post=1588"}],"curies":[{"name":"wp","href":"https:\/\/api.w.org\/{rel}","templated":true}]}}