{"id":1581,"date":"2022-03-22T14:43:48","date_gmt":"2022-03-22T14:43:48","guid":{"rendered":"https:\/\/solvenca.com\/?post_type=product&#038;p=1581"},"modified":"2022-05-03T22:35:29","modified_gmt":"2022-05-03T22:35:29","slug":"limpiador-multiusos","status":"publish","type":"product","link":"https:\/\/solvenca.com\/index.php\/product\/limpiador-multiusos\/","title":{"rendered":"Limpiador Multiusos"},"content":{"rendered":"<p>Producto estrella que cuenta con poder desengrasante, diluyente y quita manchas para el trabajo en el hogar, industrial y automotriz.<\/p>\n<ul>\n<li>Para el hogar: sirve para <strong>eliminar <\/strong>grasas de cocina, topes, campanas, manchas de grasa o aceite de su ropa; <strong>desmanchar <\/strong>correas, carteras, zapatos y muebles. LIMPIA brochas, accesorios cromados, met\u00e1licos o de plata; tambi\u00e9n sirve como <strong>diluyente <\/strong>en pinturas de esmaltes y Barnices para mejor brochabilidad durante su aplicaci\u00f3n.<\/li>\n<li>Industrial: <strong>desengrasa <\/strong>maquinarias, herramientas y pisos; <strong>no deja residuos<\/strong> y por su bajo olor es ideal en tintorer\u00edas para el lavado en seco, como tambi\u00e9n en la elaboraci\u00f3n de insecticidas, ceras y matamalezas.<\/li>\n<li>En el secot automotriz: limpia y elimina manchas de grasa, aceite y asfalto en el interior del veh\u00edculo como en el exterior.<\/li>\n<\/ul>\n","protected":false},"excerpt":{"rendered":"<p>litro y gal\u00f3n.<\/p>\n","protected":false},"featured_media":1583,"comment_status":"closed","ping_status":"closed","template":"","meta":[],"product_brand":[],"product_cat":[28],"product_tag":[],"class_list":{"0":"post-1581","1":"product","2":"type-product","3":"status-publish","4":"has-post-thumbnail","6":"product_cat-otros","8":"first","9":"instock","10":"shipping-taxable","11":"product-type-simple"},"_links":{"self":[{"href":"https:\/\/solvenca.com\/index.php\/wp-json\/wp\/v2\/product\/1581","targetHints":{"allow":["GET"]}}],"collection":[{"href":"https:\/\/solvenca.com\/index.php\/wp-json\/wp\/v2\/product"}],"about":[{"href":"https:\/\/solvenca.com\/index.php\/wp-json\/wp\/v2\/types\/product"}],"replies":[{"embeddable":true,"href":"https:\/\/solvenca.com\/index.php\/wp-json\/wp\/v2\/comments?post=1581"}],"wp:featuredmedia":[{"embeddable":true,"href":"https:\/\/solvenca.com\/index.php\/wp-json\/wp\/v2\/media\/1583"}],"wp:attachment":[{"href":"https:\/\/solvenca.com\/index.php\/wp-json\/wp\/v2\/media?parent=1581"}],"wp:term":[{"taxonomy":"product_brand","embeddable":true,"href":"https:\/\/solvenca.com\/index.php\/wp-json\/wp\/v2\/product_brand?post=1581"},{"taxonomy":"product_cat","embeddable":true,"href":"https:\/\/solvenca.com\/index.php\/wp-json\/wp\/v2\/product_cat?post=1581"},{"taxonomy":"product_tag","embeddable":true,"href":"https:\/\/solvenca.com\/index.php\/wp-json\/wp\/v2\/product_tag?post=1581"}],"curies":[{"name":"wp","href":"https:\/\/api.w.org\/{rel}","templated":true}]}}