{"id":1579,"date":"2022-03-22T14:37:16","date_gmt":"2022-03-22T14:37:16","guid":{"rendered":"https:\/\/solvenca.com\/?post_type=product&#038;p=1579"},"modified":"2022-05-03T22:35:43","modified_gmt":"2022-05-03T22:35:43","slug":"fondo-de-herreria-acuoso","status":"publish","type":"product","link":"https:\/\/solvenca.com\/index.php\/product\/fondo-de-herreria-acuoso\/","title":{"rendered":"Fondo de Herrer\u00eda Acuoso"},"content":{"rendered":"<p>Producto de bajo olor y r\u00e1pido secado. Funciona como:<\/p>\n<ul>\n<li>Anti\u00f3xido para superficies met\u00e1licas.<\/li>\n<li>Rellena y nivela la absorci\u00f3n de superficies porosas y absorbentes como fibra, concreto, entre otros.<\/li>\n<\/ul>\n<p>Formulado con pol\u00edmeros acr\u00edlicos y una combinaci\u00f3n de pigmentos rellenadores y anticorrosivos en base acuosa.<\/p>\n<p>&nbsp;<\/p>\n<p>&nbsp;<\/p>\n","protected":false},"excerpt":{"rendered":"<p>\u00bc gal\u00f3n y gal\u00f3n.<\/p>\n","protected":false},"featured_media":1580,"comment_status":"closed","ping_status":"closed","template":"","meta":[],"product_brand":[],"product_cat":[28],"product_tag":[],"class_list":{"0":"post-1579","1":"product","2":"type-product","3":"status-publish","4":"has-post-thumbnail","6":"product_cat-otros","8":"first","9":"instock","10":"shipping-taxable","11":"product-type-simple"},"_links":{"self":[{"href":"https:\/\/solvenca.com\/index.php\/wp-json\/wp\/v2\/product\/1579","targetHints":{"allow":["GET"]}}],"collection":[{"href":"https:\/\/solvenca.com\/index.php\/wp-json\/wp\/v2\/product"}],"about":[{"href":"https:\/\/solvenca.com\/index.php\/wp-json\/wp\/v2\/types\/product"}],"replies":[{"embeddable":true,"href":"https:\/\/solvenca.com\/index.php\/wp-json\/wp\/v2\/comments?post=1579"}],"wp:featuredmedia":[{"embeddable":true,"href":"https:\/\/solvenca.com\/index.php\/wp-json\/wp\/v2\/media\/1580"}],"wp:attachment":[{"href":"https:\/\/solvenca.com\/index.php\/wp-json\/wp\/v2\/media?parent=1579"}],"wp:term":[{"taxonomy":"product_brand","embeddable":true,"href":"https:\/\/solvenca.com\/index.php\/wp-json\/wp\/v2\/product_brand?post=1579"},{"taxonomy":"product_cat","embeddable":true,"href":"https:\/\/solvenca.com\/index.php\/wp-json\/wp\/v2\/product_cat?post=1579"},{"taxonomy":"product_tag","embeddable":true,"href":"https:\/\/solvenca.com\/index.php\/wp-json\/wp\/v2\/product_tag?post=1579"}],"curies":[{"name":"wp","href":"https:\/\/api.w.org\/{rel}","templated":true}]}}