{"id":1563,"date":"2022-03-22T14:24:35","date_gmt":"2022-03-22T14:24:35","guid":{"rendered":"https:\/\/solvenca.com\/?post_type=product&#038;p=1563"},"modified":"2022-05-03T22:37:06","modified_gmt":"2022-05-03T22:37:06","slug":"poliuretill-2001-poliuretano-monocomponente-brillante-madera","status":"publish","type":"product","link":"https:\/\/solvenca.com\/index.php\/product\/poliuretill-2001-poliuretano-monocomponente-brillante-madera\/","title":{"rendered":"Poliuretill 2001"},"content":{"rendered":"<p>poliuretano monocomponente brillante.<\/p>\n<p>Producto formulado para usarse en el sellado industrial de hormig\u00f3n, barnizado de parquet, pisos de madera en general, salones de baile, machihembrado, terracota, cemento, mesas, sillas, cocinas y barras de bares, el pintado de muebles en general, mesas, alcobas, escritorios, closets, comedores, puertas y ventanas de madera, marcos, rodapi\u00e9s, cornisas, y objetos de madera tanto en interiores como exteriores.<\/p>\n<p>Reacciona por humedad con las siguientes ventajas:<\/p>\n<ul>\n<li>Excelente resistencia a la abrasi\u00f3n, alto brillo, buena estabilidad y secado r\u00e1pido.<\/li>\n<li>Produce una pel\u00edcula dura de baja concentraci\u00f3n, resistente a grasas y a un gran n\u00famero de solventes, \u00e1cidos diluidos y los \u00e1lcalis.<\/li>\n<li>Otorga un excelente brillo y una decoraci\u00f3n fina que embellece el ambiente donde se coloque la pieza.<\/li>\n<\/ul>\n<p>Protege del agrietamiento, agua y de manchas, evitando la decoloraci\u00f3n y preservando la integridad de la pel\u00edcula.<\/p>\n","protected":false},"excerpt":{"rendered":"<p>\u00bc gal\u00f3n, gal\u00f3n.<\/p>\n","protected":false},"featured_media":1564,"comment_status":"closed","ping_status":"closed","template":"","meta":[],"product_brand":[],"product_cat":[26],"product_tag":[],"class_list":{"0":"post-1563","1":"product","2":"type-product","3":"status-publish","4":"has-post-thumbnail","6":"product_cat-madera","8":"first","9":"instock","10":"shipping-taxable","11":"product-type-simple"},"_links":{"self":[{"href":"https:\/\/solvenca.com\/index.php\/wp-json\/wp\/v2\/product\/1563","targetHints":{"allow":["GET"]}}],"collection":[{"href":"https:\/\/solvenca.com\/index.php\/wp-json\/wp\/v2\/product"}],"about":[{"href":"https:\/\/solvenca.com\/index.php\/wp-json\/wp\/v2\/types\/product"}],"replies":[{"embeddable":true,"href":"https:\/\/solvenca.com\/index.php\/wp-json\/wp\/v2\/comments?post=1563"}],"wp:featuredmedia":[{"embeddable":true,"href":"https:\/\/solvenca.com\/index.php\/wp-json\/wp\/v2\/media\/1564"}],"wp:attachment":[{"href":"https:\/\/solvenca.com\/index.php\/wp-json\/wp\/v2\/media?parent=1563"}],"wp:term":[{"taxonomy":"product_brand","embeddable":true,"href":"https:\/\/solvenca.com\/index.php\/wp-json\/wp\/v2\/product_brand?post=1563"},{"taxonomy":"product_cat","embeddable":true,"href":"https:\/\/solvenca.com\/index.php\/wp-json\/wp\/v2\/product_cat?post=1563"},{"taxonomy":"product_tag","embeddable":true,"href":"https:\/\/solvenca.com\/index.php\/wp-json\/wp\/v2\/product_tag?post=1563"}],"curies":[{"name":"wp","href":"https:\/\/api.w.org\/{rel}","templated":true}]}}